{"id":6052,"date":"2024-05-13T14:04:23","date_gmt":"2024-05-13T14:04:23","guid":{"rendered":"https:\/\/www.engagement.fr\/?page_id=6052"},"modified":"2025-05-05T11:40:39","modified_gmt":"2025-05-05T11:40:39","slug":"make-a-donation-option-2-75-ifi","status":"publish","type":"page","link":"https:\/\/www.engagement.fr\/en\/faire-un-don-option-2-75-ifi\/","title":{"rendered":"Make a donation - option 2: 75% IFI"},"content":{"rendered":"<div data-elementor-type=\"wp-page\" data-elementor-id=\"6052\" class=\"elementor elementor-6052\" data-elementor-post-type=\"page\">\n\t\t\t\t<div class=\"elementor-element elementor-element-afc5afb e-flex e-con-boxed e-con e-parent\" data-id=\"afc5afb\" data-element_type=\"container\" data-e-type=\"container\" data-settings=\"{&quot;background_background&quot;:&quot;classic&quot;}\">\n\t\t\t\t\t<div class=\"e-con-inner\">\n\t\t<div class=\"elementor-element elementor-element-2f73bd5 e-con-full e-flex e-con e-child\" data-id=\"2f73bd5\" data-element_type=\"container\" data-e-type=\"container\">\n\t\t<div class=\"elementor-element elementor-element-5e8fbfb e-flex e-con-boxed e-con e-child\" data-id=\"5e8fbfb\" data-element_type=\"container\" data-e-type=\"container\">\n\t\t\t\t\t<div class=\"e-con-inner\">\n\t\t\t\t<div class=\"elementor-element elementor-element-d51d3f4 animated-fast elementor-invisible elementor-widget elementor-widget-heading\" data-id=\"d51d3f4\" data-element_type=\"widget\" data-e-type=\"widget\" data-settings=\"{&quot;_animation&quot;:&quot;fadeInUp&quot;}\" data-widget_type=\"heading.default\">\n\t\t\t\t<div class=\"elementor-widget-container\">\n\t\t\t\t\t<h1 class=\"elementor-heading-title elementor-size-default\">Make a donation deductible up to 75% from the IFI (French tax on income)<\/h1>\t\t\t\t<\/div>\n\t\t\t\t<\/div>\n\t\t\t\t<div class=\"elementor-element elementor-element-baff1cd elementor-widget elementor-widget-html\" data-id=\"baff1cd\" data-element_type=\"widget\" data-e-type=\"widget\" data-widget_type=\"html.default\">\n\t\t\t\t<div class=\"elementor-widget-container\">\n\t\t\t\t\t<iframe id=\"haWidget\" allowtransparency=\"true\" scrolling=\"auto\" src=\"https:\/\/www.helloasso.com\/associations\/fondation-pour-l-institut-de-l-engagement\/formulaires\/1\/widget\" style=\"width: 100%; height: 750px; border: none;\"><\/iframe>\t\t\t\t<\/div>\n\t\t\t\t<\/div>\n\t\t\t\t\t<\/div>\n\t\t\t\t<\/div>\n\t\t\t\t<\/div>\n\t\t\t\t\t<\/div>\n\t\t\t\t<\/div>\n\t\t<div class=\"elementor-element elementor-element-e48092e e-flex e-con-boxed e-con e-parent\" data-id=\"e48092e\" data-element_type=\"container\" data-e-type=\"container\" data-settings=\"{&quot;background_background&quot;:&quot;classic&quot;}\">\n\t\t\t\t\t<div class=\"e-con-inner\">\n\t\t<div class=\"elementor-element elementor-element-3e7d014 e-flex e-con-boxed e-con e-child\" data-id=\"3e7d014\" data-element_type=\"container\" data-e-type=\"container\">\n\t\t\t\t\t<div class=\"e-con-inner\">\n\t\t\t\t<div class=\"elementor-element elementor-element-5b070ec elementor-view-framed elementor-shape-circle elementor-position-block-start elementor-mobile-position-block-start elementor-widget elementor-widget-icon-box\" data-id=\"5b070ec\" data-element_type=\"widget\" data-e-type=\"widget\" data-widget_type=\"icon-box.default\">\n\t\t\t\t<div class=\"elementor-widget-container\">\n\t\t\t\t\t\t\t<div class=\"elementor-icon-box-wrapper\">\n\n\t\t\t\t\t\t<div class=\"elementor-icon-box-icon\">\n\t\t\t\t<span  class=\"elementor-icon\">\n\t\t\t\t<i aria-hidden=\"true\" class=\"xlwpf wppb-font-startup\"><\/i>\t\t\t\t<\/span>\n\t\t\t<\/div>\n\t\t\t\n\t\t\t\t\t\t<div class=\"elementor-icon-box-content\">\n\n\t\t\t\t\t\t\t\t\t<h3 class=\"elementor-icon-box-title\">\n\t\t\t\t\t\t<span  >\n\t\t\t\t\t\t\tBecome a sponsor\t\t\t\t\t\t<\/span>\n\t\t\t\t\t<\/h3>\n\t\t\t\t\n\t\t\t\t\t\t\t\t\t<p class=\"elementor-icon-box-description\">\n\t\t\t\t\t\tHelp young people get involved!\t\t\t\t\t<\/p>\n\t\t\t\t\n\t\t\t<\/div>\n\t\t\t\n\t\t<\/div>\n\t\t\t\t\t\t<\/div>\n\t\t\t\t<\/div>\n\t\t\t\t\t<\/div>\n\t\t\t\t<\/div>\n\t\t<div class=\"elementor-element elementor-element-c4a1e83 e-flex e-con-boxed e-con e-child\" data-id=\"c4a1e83\" data-element_type=\"container\" data-e-type=\"container\">\n\t\t\t\t\t<div class=\"e-con-inner\">\n\t\t\t\t<div class=\"elementor-element elementor-element-e3f5267 elementor-view-framed elementor-shape-circle elementor-position-block-start elementor-mobile-position-block-start elementor-widget elementor-widget-icon-box\" data-id=\"e3f5267\" data-element_type=\"widget\" data-e-type=\"widget\" data-widget_type=\"icon-box.default\">\n\t\t\t\t<div class=\"elementor-widget-container\">\n\t\t\t\t\t\t\t<div class=\"elementor-icon-box-wrapper\">\n\n\t\t\t\t\t\t<div class=\"elementor-icon-box-icon\">\n\t\t\t\t<span  class=\"elementor-icon\">\n\t\t\t\t<i aria-hidden=\"true\" class=\"xlwpf wppb-font-shield\"><\/i>\t\t\t\t<\/span>\n\t\t\t<\/div>\n\t\t\t\n\t\t\t\t\t\t<div class=\"elementor-icon-box-content\">\n\n\t\t\t\t\t\t\t\t\t<h3 class=\"elementor-icon-box-title\">\n\t\t\t\t\t\t<span  >\n\t\t\t\t\t\t\tSecure payment\t\t\t\t\t\t<\/span>\n\t\t\t\t\t<\/h3>\n\t\t\t\t\n\t\t\t\t\t\t\t\t\t<p class=\"elementor-icon-box-description\">\n\t\t\t\t\t\tDirectly on our website via HelloAsso\t\t\t\t\t<\/p>\n\t\t\t\t\n\t\t\t<\/div>\n\t\t\t\n\t\t<\/div>\n\t\t\t\t\t\t<\/div>\n\t\t\t\t<\/div>\n\t\t\t\t\t<\/div>\n\t\t\t\t<\/div>\n\t\t<div class=\"elementor-element elementor-element-b9a62df e-flex e-con-boxed e-con e-child\" data-id=\"b9a62df\" data-element_type=\"container\" data-e-type=\"container\">\n\t\t\t\t\t<div class=\"e-con-inner\">\n\t\t\t\t<div class=\"elementor-element elementor-element-85e92f4 elementor-view-framed elementor-shape-circle elementor-position-block-start elementor-mobile-position-block-start elementor-widget elementor-widget-icon-box\" data-id=\"85e92f4\" data-element_type=\"widget\" data-e-type=\"widget\" data-widget_type=\"icon-box.default\">\n\t\t\t\t<div class=\"elementor-widget-container\">\n\t\t\t\t\t\t\t<div class=\"elementor-icon-box-wrapper\">\n\n\t\t\t\t\t\t<div class=\"elementor-icon-box-icon\">\n\t\t\t\t<span  class=\"elementor-icon\">\n\t\t\t\t<i aria-hidden=\"true\" class=\"xlwpf wppb-font-money1\"><\/i>\t\t\t\t<\/span>\n\t\t\t<\/div>\n\t\t\t\n\t\t\t\t\t\t<div class=\"elementor-icon-box-content\">\n\n\t\t\t\t\t\t\t\t\t<h3 class=\"elementor-icon-box-title\">\n\t\t\t\t\t\t<span  >\n\t\t\t\t\t\t\tTax deductible\t\t\t\t\t\t<\/span>\n\t\t\t\t\t<\/h3>\n\t\t\t\t\n\t\t\t\t\t\t\t\t\t<p class=\"elementor-icon-box-description\">\n\t\t\t\t\t\tFrom 66% to 75% depending on your status\t\t\t\t\t<\/p>\n\t\t\t\t\n\t\t\t<\/div>\n\t\t\t\n\t\t<\/div>\n\t\t\t\t\t\t<\/div>\n\t\t\t\t<\/div>\n\t\t\t\t\t<\/div>\n\t\t\t\t<\/div>\n\t\t<div class=\"elementor-element elementor-element-2e65b59 e-flex e-con-boxed e-con e-child\" data-id=\"2e65b59\" data-element_type=\"container\" data-e-type=\"container\">\n\t\t\t\t\t<div class=\"e-con-inner\">\n\t\t\t\t<div class=\"elementor-element elementor-element-abaab9b elementor-view-framed elementor-shape-circle elementor-position-block-start elementor-mobile-position-block-start elementor-widget elementor-widget-icon-box\" data-id=\"abaab9b\" data-element_type=\"widget\" data-e-type=\"widget\" data-widget_type=\"icon-box.default\">\n\t\t\t\t<div class=\"elementor-widget-container\">\n\t\t\t\t\t\t\t<div class=\"elementor-icon-box-wrapper\">\n\n\t\t\t\t\t\t<div class=\"elementor-icon-box-icon\">\n\t\t\t\t<a href=\"mailto:partenariats@engagement.fr\" class=\"elementor-icon\" tabindex=\"-1\" aria-label=\"Do you have a question?\">\n\t\t\t\t<i aria-hidden=\"true\" class=\"xlwpf wppb-font-message\"><\/i>\t\t\t\t<\/a>\n\t\t\t<\/div>\n\t\t\t\n\t\t\t\t\t\t<div class=\"elementor-icon-box-content\">\n\n\t\t\t\t\t\t\t\t\t<h3 class=\"elementor-icon-box-title\">\n\t\t\t\t\t\t<a href=\"mailto:partenariats@engagement.fr\" >\n\t\t\t\t\t\t\tDo you have a question?\t\t\t\t\t\t<\/a>\n\t\t\t\t\t<\/h3>\n\t\t\t\t\n\t\t\t\t\t\t\t\t\t<p class=\"elementor-icon-box-description\">\n\t\t\t\t\t\tContact our team <u>partenariats@engagement.fr<\/u>\t\t\t\t\t<\/p>\n\t\t\t\t\n\t\t\t<\/div>\n\t\t\t\n\t\t<\/div>\n\t\t\t\t\t\t<\/div>\n\t\t\t\t<\/div>\n\t\t\t\t\t<\/div>\n\t\t\t\t<\/div>\n\t\t\t\t\t<\/div>\n\t\t\t\t<\/div>\n\t\t\t\t<\/div>","protected":false},"excerpt":{"rendered":"<p>Faire un don d\u00e9ductible \u00e0 hauteur de 75% de l&rsquo;IFI Devenez m\u00e9c\u00e8ne Aidez la jeunesse qui s&rsquo;engage ! Paiement s\u00e9curis\u00e9 Directement sur notre site via HelloAsso D\u00e9ductible des imp\u00f4ts De [&hellip;]<\/p>\n","protected":false},"author":1,"featured_media":0,"parent":0,"menu_order":0,"comment_status":"closed","ping_status":"closed","template":"elementor_header_footer","meta":{"footnotes":""},"class_list":["post-6052","page","type-page","status-publish","hentry"],"yoast_head":"<!-- This site is optimized with the Yoast SEO plugin v27.5 - https:\/\/yoast.com\/product\/yoast-seo-wordpress\/ -->\n<title>Faire un don - option 2 : 75% IFI - Institut de l&#039;Engagement<\/title>\n<meta name=\"robots\" content=\"index, follow, max-snippet:-1, max-image-preview:large, max-video-preview:-1\" \/>\n<link rel=\"canonical\" href=\"https:\/\/www.engagement.fr\/en\/make-a-donation-option-2-75-ifi\/\" \/>\n<meta property=\"og:locale\" content=\"en_GB\" \/>\n<meta property=\"og:type\" content=\"article\" \/>\n<meta property=\"og:title\" content=\"Faire un don - option 2 : 75% IFI - Institut de l&#039;Engagement\" \/>\n<meta property=\"og:description\" content=\"Faire un don d\u00e9ductible \u00e0 hauteur de 75% de l&rsquo;IFI Devenez m\u00e9c\u00e8ne Aidez la jeunesse qui s&rsquo;engage ! Paiement s\u00e9curis\u00e9 Directement sur notre site via HelloAsso D\u00e9ductible des imp\u00f4ts De [&hellip;]\" \/>\n<meta property=\"og:url\" content=\"https:\/\/www.engagement.fr\/en\/make-a-donation-option-2-75-ifi\/\" \/>\n<meta property=\"og:site_name\" content=\"Institut de l&#039;Engagement\" \/>\n<meta property=\"article:publisher\" content=\"https:\/\/www.facebook.com\/Institut.Engagement\" \/>\n<meta property=\"article:modified_time\" content=\"2025-05-05T11:40:39+00:00\" \/>\n<meta name=\"twitter:card\" content=\"summary_large_image\" \/>\n<meta name=\"twitter:site\" content=\"@i_engagement\" \/>\n<meta name=\"twitter:label1\" content=\"Estimated reading time\" \/>\n\t<meta name=\"twitter:data1\" content=\"1 minute\" \/>\n<script type=\"application\/ld+json\" class=\"yoast-schema-graph\">{\"@context\":\"https:\\\/\\\/schema.org\",\"@graph\":[{\"@type\":\"WebPage\",\"@id\":\"https:\\\/\\\/www.engagement.fr\\\/faire-un-don-option-2-75-ifi\\\/\",\"url\":\"https:\\\/\\\/www.engagement.fr\\\/faire-un-don-option-2-75-ifi\\\/\",\"name\":\"Faire un don - option 2 : 75% IFI - Institut de l&#039;Engagement\",\"isPartOf\":{\"@id\":\"https:\\\/\\\/www.engagement.fr\\\/#website\"},\"datePublished\":\"2024-05-13T14:04:23+00:00\",\"dateModified\":\"2025-05-05T11:40:39+00:00\",\"breadcrumb\":{\"@id\":\"https:\\\/\\\/www.engagement.fr\\\/faire-un-don-option-2-75-ifi\\\/#breadcrumb\"},\"inLanguage\":\"en-GB\",\"potentialAction\":[{\"@type\":\"ReadAction\",\"target\":[\"https:\\\/\\\/www.engagement.fr\\\/faire-un-don-option-2-75-ifi\\\/\"]}]},{\"@type\":\"BreadcrumbList\",\"@id\":\"https:\\\/\\\/www.engagement.fr\\\/faire-un-don-option-2-75-ifi\\\/#breadcrumb\",\"itemListElement\":[{\"@type\":\"ListItem\",\"position\":1,\"name\":\"Accueil\",\"item\":\"https:\\\/\\\/www.engagement.fr\\\/\"},{\"@type\":\"ListItem\",\"position\":2,\"name\":\"Faire un don &#8211; option 2 : 75% IFI\"}]},{\"@type\":\"WebSite\",\"@id\":\"https:\\\/\\\/www.engagement.fr\\\/#website\",\"url\":\"https:\\\/\\\/www.engagement.fr\\\/\",\"name\":\"Institut de l'Engagement\",\"description\":\"\",\"publisher\":{\"@id\":\"https:\\\/\\\/www.engagement.fr\\\/#organization\"},\"potentialAction\":[{\"@type\":\"SearchAction\",\"target\":{\"@type\":\"EntryPoint\",\"urlTemplate\":\"https:\\\/\\\/www.engagement.fr\\\/?s={search_term_string}\"},\"query-input\":{\"@type\":\"PropertyValueSpecification\",\"valueRequired\":true,\"valueName\":\"search_term_string\"}}],\"inLanguage\":\"en-GB\"},{\"@type\":\"Organization\",\"@id\":\"https:\\\/\\\/www.engagement.fr\\\/#organization\",\"name\":\"Institut de l'Engagement\",\"url\":\"https:\\\/\\\/www.engagement.fr\\\/\",\"logo\":{\"@type\":\"ImageObject\",\"inLanguage\":\"en-GB\",\"@id\":\"https:\\\/\\\/www.engagement.fr\\\/#\\\/schema\\\/logo\\\/image\\\/\",\"url\":\"https:\\\/\\\/www.engagement.fr\\\/wp-content\\\/uploads\\\/2024\\\/06\\\/Institut-de-lEngagement-Principal-Horizontal.png\",\"contentUrl\":\"https:\\\/\\\/www.engagement.fr\\\/wp-content\\\/uploads\\\/2024\\\/06\\\/Institut-de-lEngagement-Principal-Horizontal.png\",\"width\":3066,\"height\":646,\"caption\":\"Institut de l'Engagement\"},\"image\":{\"@id\":\"https:\\\/\\\/www.engagement.fr\\\/#\\\/schema\\\/logo\\\/image\\\/\"},\"sameAs\":[\"https:\\\/\\\/www.facebook.com\\\/Institut.Engagement\",\"https:\\\/\\\/x.com\\\/i_engagement\"]}]}<\/script>\n<!-- \/ Yoast SEO plugin. -->","yoast_head_json":{"title":"Make a donation - option 2 : 75% IFI - Institut de l'Engagement","robots":{"index":"index","follow":"follow","max-snippet":"max-snippet:-1","max-image-preview":"max-image-preview:large","max-video-preview":"max-video-preview:-1"},"canonical":"https:\/\/www.engagement.fr\/en\/make-a-donation-option-2-75-ifi\/","og_locale":"en_GB","og_type":"article","og_title":"Faire un don - option 2 : 75% IFI - Institut de l&#039;Engagement","og_description":"Faire un don d\u00e9ductible \u00e0 hauteur de 75% de l&rsquo;IFI Devenez m\u00e9c\u00e8ne Aidez la jeunesse qui s&rsquo;engage ! Paiement s\u00e9curis\u00e9 Directement sur notre site via HelloAsso D\u00e9ductible des imp\u00f4ts De [&hellip;]","og_url":"https:\/\/www.engagement.fr\/en\/make-a-donation-option-2-75-ifi\/","og_site_name":"Institut de l&#039;Engagement","article_publisher":"https:\/\/www.facebook.com\/Institut.Engagement","article_modified_time":"2025-05-05T11:40:39+00:00","twitter_card":"summary_large_image","twitter_site":"@i_engagement","twitter_misc":{"Estimated reading time":"1 minute"},"schema":{"@context":"https:\/\/schema.org","@graph":[{"@type":"WebPage","@id":"https:\/\/www.engagement.fr\/faire-un-don-option-2-75-ifi\/","url":"https:\/\/www.engagement.fr\/faire-un-don-option-2-75-ifi\/","name":"Make a donation - option 2 : 75% IFI - Institut de l'Engagement","isPartOf":{"@id":"https:\/\/www.engagement.fr\/#website"},"datePublished":"2024-05-13T14:04:23+00:00","dateModified":"2025-05-05T11:40:39+00:00","breadcrumb":{"@id":"https:\/\/www.engagement.fr\/faire-un-don-option-2-75-ifi\/#breadcrumb"},"inLanguage":"en-GB","potentialAction":[{"@type":"ReadAction","target":["https:\/\/www.engagement.fr\/faire-un-don-option-2-75-ifi\/"]}]},{"@type":"BreadcrumbList","@id":"https:\/\/www.engagement.fr\/faire-un-don-option-2-75-ifi\/#breadcrumb","itemListElement":[{"@type":"ListItem","position":1,"name":"Accueil","item":"https:\/\/www.engagement.fr\/"},{"@type":"ListItem","position":2,"name":"Faire un don &#8211; option 2 : 75% IFI"}]},{"@type":"WebSite","@id":"https:\/\/www.engagement.fr\/#website","url":"https:\/\/www.engagement.fr\/","name":"Institute of Commitment","description":"","publisher":{"@id":"https:\/\/www.engagement.fr\/#organization"},"potentialAction":[{"@type":"SearchAction","target":{"@type":"EntryPoint","urlTemplate":"https:\/\/www.engagement.fr\/?s={search_term_string}"},"query-input":{"@type":"PropertyValueSpecification","valueRequired":true,"valueName":"search_term_string"}}],"inLanguage":"en-GB"},{"@type":"Organization","@id":"https:\/\/www.engagement.fr\/#organization","name":"Institute of Commitment","url":"https:\/\/www.engagement.fr\/","logo":{"@type":"ImageObject","inLanguage":"en-GB","@id":"https:\/\/www.engagement.fr\/#\/schema\/logo\/image\/","url":"https:\/\/www.engagement.fr\/wp-content\/uploads\/2024\/06\/Institut-de-lEngagement-Principal-Horizontal.png","contentUrl":"https:\/\/www.engagement.fr\/wp-content\/uploads\/2024\/06\/Institut-de-lEngagement-Principal-Horizontal.png","width":3066,"height":646,"caption":"Institut de l'Engagement"},"image":{"@id":"https:\/\/www.engagement.fr\/#\/schema\/logo\/image\/"},"sameAs":["https:\/\/www.facebook.com\/Institut.Engagement","https:\/\/x.com\/i_engagement"]}]}},"_links":{"self":[{"href":"https:\/\/www.engagement.fr\/en\/wp-json\/wp\/v2\/pages\/6052","targetHints":{"allow":["GET"]}}],"collection":[{"href":"https:\/\/www.engagement.fr\/en\/wp-json\/wp\/v2\/pages"}],"about":[{"href":"https:\/\/www.engagement.fr\/en\/wp-json\/wp\/v2\/types\/page"}],"author":[{"embeddable":true,"href":"https:\/\/www.engagement.fr\/en\/wp-json\/wp\/v2\/users\/1"}],"replies":[{"embeddable":true,"href":"https:\/\/www.engagement.fr\/en\/wp-json\/wp\/v2\/comments?post=6052"}],"version-history":[{"count":60,"href":"https:\/\/www.engagement.fr\/en\/wp-json\/wp\/v2\/pages\/6052\/revisions"}],"predecessor-version":[{"id":13329,"href":"https:\/\/www.engagement.fr\/en\/wp-json\/wp\/v2\/pages\/6052\/revisions\/13329"}],"wp:attachment":[{"href":"https:\/\/www.engagement.fr\/en\/wp-json\/wp\/v2\/media?parent=6052"}],"curies":[{"name":"wp","href":"https:\/\/api.w.org\/{rel}","templated":true}]}}