{"id":13461,"date":"2025-05-27T09:45:59","date_gmt":"2025-05-27T09:45:59","guid":{"rendered":"https:\/\/www.engagement.fr\/?page_id=13461"},"modified":"2025-06-16T14:29:24","modified_gmt":"2025-06-16T14:29:24","slug":"brevets-brevet-landing-page","status":"publish","type":"page","link":"https:\/\/www.engagement.fr\/en\/brevets-brevet-landing-page\/","title":{"rendered":"Brevets &#8211; Brevet (landing page)"},"content":{"rendered":"\t\t<div data-elementor-type=\"wp-page\" data-elementor-id=\"13461\" class=\"elementor elementor-13461\" data-elementor-post-type=\"page\">\n\t\t\t\t<div class=\"elementor-element elementor-element-8158354 e-flex e-con-boxed e-con e-parent\" data-id=\"8158354\" data-element_type=\"container\" data-e-type=\"container\" data-settings=\"{&quot;background_background&quot;:&quot;classic&quot;,&quot;shape_divider_top&quot;:&quot;arrow&quot;}\">\n\t\t\t\t\t<div class=\"e-con-inner\">\n\t\t\t\t<div class=\"elementor-shape elementor-shape-top\" aria-hidden=\"true\" data-negative=\"false\">\n\t\t\t<svg xmlns=\"http:\/\/www.w3.org\/2000\/svg\" viewBox=\"0 0 700 10\" preserveAspectRatio=\"none\">\n\t<path class=\"elementor-shape-fill\" d=\"M350,10L340,0h20L350,10z\"\/>\n<\/svg>\t\t<\/div>\n\t\t<div class=\"elementor-element elementor-element-1af8354 e-flex e-con-boxed e-con e-child\" data-id=\"1af8354\" data-element_type=\"container\" data-e-type=\"container\" data-settings=\"{&quot;background_background&quot;:&quot;classic&quot;}\">\n\t\t\t\t\t<div class=\"e-con-inner\">\n\t\t\t\t<div class=\"elementor-element elementor-element-9b44451 elementor-widget elementor-widget-text-editor\" data-id=\"9b44451\" data-element_type=\"widget\" data-e-type=\"widget\" data-widget_type=\"text-editor.default\">\n\t\t\t\t<div class=\"elementor-widget-container\">\n\t\t\t\t\t\t\t\t\t<p><strong>LES PREMIERS SECOURS DE LA PLAN\u00c8TE<\/strong><\/p><p><strong>Se former pour s\u2019engager<\/strong><\/p>\t\t\t\t\t\t\t\t<\/div>\n\t\t\t\t<\/div>\n\t\t\t\t<div class=\"elementor-element elementor-element-9e828b9 elementor-view-default elementor-widget elementor-widget-icon\" data-id=\"9e828b9\" data-element_type=\"widget\" data-e-type=\"widget\" data-widget_type=\"icon.default\">\n\t\t\t\t<div class=\"elementor-widget-container\">\n\t\t\t\t\t\t\t<div class=\"elementor-icon-wrapper\">\n\t\t\t<div class=\"elementor-icon\">\n\t\t\t<i aria-hidden=\"true\" class=\"xlwpf wppb-font-planet\"><\/i>\t\t\t<\/div>\n\t\t<\/div>\n\t\t\t\t\t\t<\/div>\n\t\t\t\t<\/div>\n\t\t\t\t<div class=\"elementor-element elementor-element-89ff77e elementor-widget elementor-widget-text-editor\" data-id=\"89ff77e\" data-element_type=\"widget\" data-e-type=\"widget\" data-widget_type=\"text-editor.default\">\n\t\t\t\t<div class=\"elementor-widget-container\">\n\t\t\t\t\t\t\t\t\t<p><div class=\"frm_forms \" id=\"frm_form_2_container\" data-token=\"c3d982b8e1b82253eba4c5404a2b8bfa\">\n<form enctype=\"multipart\/form-data\" method=\"post\" class=\"frm-show-form \" id=\"form_brevet-psp\" data-token=\"c3d982b8e1b82253eba4c5404a2b8bfa\">\n<div class=\"frm_form_fields \">\n<fieldset>\n<legend class=\"frm_screen_reader\">Brevet PSP<\/legend>\r\n\r\n<div class=\"frm_fields_container\">\n<input type=\"hidden\" name=\"frm_action\" value=\"create\" \/>\n<input type=\"hidden\" name=\"form_id\" value=\"2\" \/>\n<input type=\"hidden\" name=\"frm_hide_fields_2\" id=\"frm_hide_fields_2\" value=\"\" \/>\n<input type=\"hidden\" name=\"form_key\" value=\"brevet-psp\" \/>\n<input type=\"hidden\" name=\"item_meta[0]\" value=\"\" \/>\n<input type=\"hidden\" id=\"frm_submit_entry_2\" name=\"frm_submit_entry_2\" value=\"25fde9e104\" \/><input type=\"hidden\" name=\"_wp_http_referer\" value=\"\/en\/wp-json\/wp\/v2\/pages\/13461\" \/><div id=\"frm_field_7_container\" class=\"frm_form_field form-field  frm_required_field frm_inline_container frm12 frm_first frm_color_block\">\r\n\t<label for=\"field_84q4h\" id=\"field_84q4h_label\" class=\"frm_primary_label\">Ajoute ton adresse mail\r\n\t\t<span class=\"frm_required\" aria-hidden=\"true\">*<\/span>\r\n\t<\/label>\r\n\t<input type=\"email\" id=\"field_84q4h\" name=\"item_meta[7]\" value=\"\"  style=\"width:100%\" placeholder=\"tonmail@domain.com\" data-reqmsg=\"Le champ adresse email ne peut pas \u00eatre vide.\" aria-required=\"true\" data-invmsg=\"Ajoute ton adresse mail est non valide\" class=\"auto_width\" aria-invalid=\"false\"  \/>\r\n\t\r\n\t\r\n<\/div>\n<div id=\"frm_field_12_container\" class=\"frm_form_field  frm_html_container form-field\">\n<p>\u00a0<\/p>\n<p>\u00a0<\/p>\n<\/div>\n<div id=\"frm_field_6_container\" class=\"frm_form_field form-field  frm12\">\r\n\t<div class=\"frm_submit frm_flex\">\r\n<button class=\"frm_button_submit\" type=\"submit\"  >Envoyer<\/button>\r\n\r\n\r\n\r\n<\/div>\r\n<\/div>\n\t<input type=\"hidden\" name=\"item_key\" value=\"\" \/>\n\t\t\t<div id=\"frm_field_16_container\">\n\t\t\t<label for=\"field_a1o67\" >\n\t\t\t\tIf you are human, leave this field blank.\t\t\t<\/label>\n\t\t\t<input  id=\"field_a1o67\" type=\"text\" class=\"frm_form_field form-field frm_verify\" name=\"item_meta[16]\" value=\"\"  \/>\n\t\t<\/div>\n\t\t<input name=\"frm_state\" type=\"hidden\" value=\"fcSsop\/dCKdKK\/LxjPlvqQblFJRNMHWFa5kOAfkaCgQ=\" \/><\/div>\n<\/fieldset>\n<\/div>\n\n<\/form>\n<\/div>\n<\/p>\t\t\t\t\t\t\t\t<\/div>\n\t\t\t\t<\/div>\n\t\t\t\t<div class=\"elementor-element elementor-element-216d469 elementor-widget elementor-widget-text-editor\" data-id=\"216d469\" data-element_type=\"widget\" data-e-type=\"widget\" data-widget_type=\"text-editor.default\">\n\t\t\t\t<div class=\"elementor-widget-container\">\n\t\t\t\t\t\t\t\t\t<p><span style=\"font-size: 25.2305px; white-space-collapse: preserve;\"><b>Conscient(e) des enjeux de la transition \u00e9cologique, je souhaite approfondir mes connaissances pour mieux comprendre ces d\u00e9fis en 2h30. Le brevet <\/b><\/span><span style=\"font-size: 25.2305px; font-weight: bold; white-space-collapse: preserve;\">Premiers secours de la plan\u00e8te est un tremplin dans le parcours d&rsquo;engagement de chacun(e) ! Con\u00e7us par l&rsquo;Institut de l&rsquo;Engagement et le CNRS, notre parcours te propose d&rsquo;acqu\u00e9rir les connaissances essentielles sur le climat, la biodiversit\u00e9 et comment agir \u00e0 ton \u00e9chelle.<\/span><\/p>\t\t\t\t\t\t\t\t<\/div>\n\t\t\t\t<\/div>\n\t\t\t\t<div class=\"elementor-element elementor-element-e52f210 elementor-widget elementor-widget-image\" data-id=\"e52f210\" data-element_type=\"widget\" data-e-type=\"widget\" data-widget_type=\"image.default\">\n\t\t\t\t<div class=\"elementor-widget-container\">\n\t\t\t\t\t\t\t\t\t\t\t\t\t\t\t<img fetchpriority=\"high\" decoding=\"async\" width=\"2560\" height=\"1033\" src=\"https:\/\/www.engagement.fr\/wp-content\/uploads\/2025\/05\/3E2A4272-2-1-scaled-e1747388464221.jpg\" class=\"attachment-full size-full wp-image-13356\" alt=\"\" srcset=\"https:\/\/www.engagement.fr\/wp-content\/uploads\/2025\/05\/3E2A4272-2-1-scaled-e1747388464221.jpg 2560w, https:\/\/www.engagement.fr\/wp-content\/uploads\/2025\/05\/3E2A4272-2-1-scaled-e1747388464221-300x121.jpg 300w, https:\/\/www.engagement.fr\/wp-content\/uploads\/2025\/05\/3E2A4272-2-1-scaled-e1747388464221-1024x413.jpg 1024w, https:\/\/www.engagement.fr\/wp-content\/uploads\/2025\/05\/3E2A4272-2-1-scaled-e1747388464221-768x310.jpg 768w, https:\/\/www.engagement.fr\/wp-content\/uploads\/2025\/05\/3E2A4272-2-1-scaled-e1747388464221-1536x620.jpg 1536w, https:\/\/www.engagement.fr\/wp-content\/uploads\/2025\/05\/3E2A4272-2-1-scaled-e1747388464221-2048x826.jpg 2048w, https:\/\/www.engagement.fr\/wp-content\/uploads\/2025\/05\/3E2A4272-2-1-scaled-e1747388464221-18x7.jpg 18w\" sizes=\"(max-width: 2560px) 100vw, 2560px\" \/>\t\t\t\t\t\t\t\t\t\t\t\t\t\t\t<\/div>\n\t\t\t\t<\/div>\n\t\t\t\t<div class=\"elementor-element elementor-element-4ae695d elementor-widget elementor-widget-text-editor\" data-id=\"4ae695d\" data-element_type=\"widget\" data-e-type=\"widget\" data-widget_type=\"text-editor.default\">\n\t\t\t\t<div class=\"elementor-widget-container\">\n\t\t\t\t\t\t\t\t\t<p><span style=\"font-size: 25.2305px; white-space-collapse: preserve;\"><b>Comme nous tu penses que l\u2019apprentissage est une \u00e9tape essentielle pour s\u2019engager ? Forme-toi d\u00e8s maintenant sur les enjeux cl\u00e9s du climat et de la biodiversit\u00e9 pour renforcer ton engagement et passer concr\u00e8tement \u00e0 l\u2019action<\/b><\/span><span style=\"font-size: 25.2305px; font-weight: bold; white-space-collapse: preserve;\">.<\/span><\/p>\t\t\t\t\t\t\t\t<\/div>\n\t\t\t\t<\/div>\n\t\t\t\t<div class=\"elementor-element elementor-element-af342d8 elementor-widget-divider--view-line elementor-widget elementor-widget-divider\" data-id=\"af342d8\" data-element_type=\"widget\" data-e-type=\"widget\" data-widget_type=\"divider.default\">\n\t\t\t\t<div class=\"elementor-widget-container\">\n\t\t\t\t\t\t\t<div class=\"elementor-divider\">\n\t\t\t<span class=\"elementor-divider-separator\">\n\t\t\t\t\t\t<\/span>\n\t\t<\/div>\n\t\t\t\t\t\t<\/div>\n\t\t\t\t<\/div>\n\t\t\t\t<div class=\"elementor-element elementor-element-d6ebcea elementor-view-default elementor-widget elementor-widget-icon\" data-id=\"d6ebcea\" data-element_type=\"widget\" data-e-type=\"widget\" data-widget_type=\"icon.default\">\n\t\t\t\t<div class=\"elementor-widget-container\">\n\t\t\t\t\t\t\t<div class=\"elementor-icon-wrapper\">\n\t\t\t<div class=\"elementor-icon\">\n\t\t\t<svg aria-hidden=\"true\" class=\"e-font-icon-svg e-fas-medal\" viewBox=\"0 0 512 512\" xmlns=\"http:\/\/www.w3.org\/2000\/svg\"><path d=\"M223.75 130.75L154.62 15.54A31.997 31.997 0 0 0 127.18 0H16.03C3.08 0-4.5 14.57 2.92 25.18l111.27 158.96c29.72-27.77 67.52-46.83 109.56-53.39zM495.97 0H384.82c-11.24 0-21.66 5.9-27.44 15.54l-69.13 115.21c42.04 6.56 79.84 25.62 109.56 53.38L509.08 25.18C516.5 14.57 508.92 0 495.97 0zM256 160c-97.2 0-176 78.8-176 176s78.8 176 176 176 176-78.8 176-176-78.8-176-176-176zm92.52 157.26l-37.93 36.96 8.97 52.22c1.6 9.36-8.26 16.51-16.65 12.09L256 393.88l-46.9 24.65c-8.4 4.45-18.25-2.74-16.65-12.09l8.97-52.22-37.93-36.96c-6.82-6.64-3.05-18.23 6.35-19.59l52.43-7.64 23.43-47.52c2.11-4.28 6.19-6.39 10.28-6.39 4.11 0 8.22 2.14 10.33 6.39l23.43 47.52 52.43 7.64c9.4 1.36 13.17 12.95 6.35 19.59z\"><\/path><\/svg>\t\t\t<\/div>\n\t\t<\/div>\n\t\t\t\t\t\t<\/div>\n\t\t\t\t<\/div>\n\t\t\t\t<div class=\"elementor-element elementor-element-5e621fc elementor-widget elementor-widget-text-editor\" data-id=\"5e621fc\" data-element_type=\"widget\" data-e-type=\"widget\" data-widget_type=\"text-editor.default\">\n\t\t\t\t<div class=\"elementor-widget-container\">\n\t\t\t\t\t\t\t\t\t<p><strong>Une formation de qualit\u00e9, sans pr\u00e9requis,<\/strong><\/p><p><strong>avec un contenu co-produit en collaboration avec le CNRS.<\/strong><\/p>\t\t\t\t\t\t\t\t<\/div>\n\t\t\t\t<\/div>\n\t\t\t\t<div class=\"elementor-element elementor-element-e4030f3 elementor-widget-divider--view-line elementor-widget elementor-widget-divider\" data-id=\"e4030f3\" data-element_type=\"widget\" data-e-type=\"widget\" data-widget_type=\"divider.default\">\n\t\t\t\t<div class=\"elementor-widget-container\">\n\t\t\t\t\t\t\t<div class=\"elementor-divider\">\n\t\t\t<span class=\"elementor-divider-separator\">\n\t\t\t\t\t\t<\/span>\n\t\t<\/div>\n\t\t\t\t\t\t<\/div>\n\t\t\t\t<\/div>\n\t\t\t\t<div class=\"elementor-element elementor-element-2b4b81b elementor-view-default elementor-widget elementor-widget-icon\" data-id=\"2b4b81b\" data-element_type=\"widget\" data-e-type=\"widget\" data-widget_type=\"icon.default\">\n\t\t\t\t<div class=\"elementor-widget-container\">\n\t\t\t\t\t\t\t<div class=\"elementor-icon-wrapper\">\n\t\t\t<div class=\"elementor-icon\">\n\t\t\t<i aria-hidden=\"true\" class=\"material-icons md-computer\"><\/i>\t\t\t<\/div>\n\t\t<\/div>\n\t\t\t\t\t\t<\/div>\n\t\t\t\t<\/div>\n\t\t\t\t<div class=\"elementor-element elementor-element-cd3dd09 elementor-widget elementor-widget-text-editor\" data-id=\"cd3dd09\" data-element_type=\"widget\" data-e-type=\"widget\" data-widget_type=\"text-editor.default\">\n\t\t\t\t<div class=\"elementor-widget-container\">\n\t\t\t\t\t\t\t\t\t<div><div><div><p><strong>Une formation accessible gratuitement et r\u00e9alisable en toute autonomie<\/strong><\/p><p><strong>gr\u00e2ce \u00e0 un format enti\u00e8rement en ligne<\/strong><\/p><p><strong>(\u00e0 passer seul(e) ou en groupe !).<\/strong><\/p><\/div><\/div><\/div>\t\t\t\t\t\t\t\t<\/div>\n\t\t\t\t<\/div>\n\t\t\t\t<div class=\"elementor-element elementor-element-0d50baf elementor-widget-divider--view-line elementor-widget elementor-widget-divider\" data-id=\"0d50baf\" data-element_type=\"widget\" data-e-type=\"widget\" data-widget_type=\"divider.default\">\n\t\t\t\t<div class=\"elementor-widget-container\">\n\t\t\t\t\t\t\t<div class=\"elementor-divider\">\n\t\t\t<span class=\"elementor-divider-separator\">\n\t\t\t\t\t\t<\/span>\n\t\t<\/div>\n\t\t\t\t\t\t<\/div>\n\t\t\t\t<\/div>\n\t\t\t\t<div class=\"elementor-element elementor-element-e38b1a6 elementor-view-default elementor-widget elementor-widget-icon\" data-id=\"e38b1a6\" data-element_type=\"widget\" data-e-type=\"widget\" data-widget_type=\"icon.default\">\n\t\t\t\t<div class=\"elementor-widget-container\">\n\t\t\t\t\t\t\t<div class=\"elementor-icon-wrapper\">\n\t\t\t<div class=\"elementor-icon\">\n\t\t\t<i aria-hidden=\"true\" class=\"uic fi-rr-e-learning\"><\/i>\t\t\t<\/div>\n\t\t<\/div>\n\t\t\t\t\t\t<\/div>\n\t\t\t\t<\/div>\n\t\t\t\t<div class=\"elementor-element elementor-element-5a4416c elementor-widget elementor-widget-text-editor\" data-id=\"5a4416c\" data-element_type=\"widget\" data-e-type=\"widget\" data-widget_type=\"text-editor.default\">\n\t\t\t\t<div class=\"elementor-widget-container\">\n\t\t\t\t\t\t\t\t\t<p><strong>Une formation ax\u00e9e sur l\u2019engagement, avec des t\u00e9moignages,<\/strong><\/p>\n<p><strong>des ressources et des actions concr\u00e8tes, accessibles \u00e0 tou(te)s.<\/strong><\/p>\t\t\t\t\t\t\t\t<\/div>\n\t\t\t\t<\/div>\n\t\t\t\t\t<\/div>\n\t\t\t\t<\/div>\n\t\t\t\t\t<\/div>\n\t\t\t\t<\/div>\n\t\t\t\t<\/div>\n\t\t","protected":false},"excerpt":{"rendered":"<p>LES PREMIERS SECOURS DE LA PLAN\u00c8TE Se former pour s\u2019engager Conscient(e) des enjeux de la transition \u00e9cologique, je souhaite approfondir mes connaissances pour mieux comprendre ces d\u00e9fis en 2h30. Le [&hellip;]<\/p>\n","protected":false},"author":4,"featured_media":0,"parent":0,"menu_order":0,"comment_status":"closed","ping_status":"closed","template":"elementor_header_footer","meta":{"footnotes":""},"class_list":["post-13461","page","type-page","status-publish","hentry"],"yoast_head":"<!-- This site is optimized with the Yoast SEO plugin v27.5 - https:\/\/yoast.com\/product\/yoast-seo-wordpress\/ -->\n<title>Brevets - Brevet (landing page) - Institut de l&#039;Engagement<\/title>\n<meta name=\"robots\" content=\"index, follow, max-snippet:-1, max-image-preview:large, max-video-preview:-1\" \/>\n<link rel=\"canonical\" href=\"https:\/\/www.engagement.fr\/en\/brevets-brevet-landing-page\/\" \/>\n<meta property=\"og:locale\" content=\"en_GB\" \/>\n<meta property=\"og:type\" content=\"article\" \/>\n<meta property=\"og:title\" content=\"Brevets - Brevet (landing page) - Institut de l&#039;Engagement\" \/>\n<meta property=\"og:description\" content=\"LES PREMIERS SECOURS DE LA PLAN\u00c8TE Se former pour s\u2019engager Conscient(e) des enjeux de la transition \u00e9cologique, je souhaite approfondir mes connaissances pour mieux comprendre ces d\u00e9fis en 2h30. Le [&hellip;]\" \/>\n<meta property=\"og:url\" content=\"https:\/\/www.engagement.fr\/en\/brevets-brevet-landing-page\/\" \/>\n<meta property=\"og:site_name\" content=\"Institut de l&#039;Engagement\" \/>\n<meta property=\"article:publisher\" content=\"https:\/\/www.facebook.com\/Institut.Engagement\" \/>\n<meta property=\"article:modified_time\" content=\"2025-06-16T14:29:24+00:00\" \/>\n<meta property=\"og:image\" content=\"https:\/\/www.engagement.fr\/wp-content\/uploads\/2025\/05\/3E2A4272-2-1-scaled-e1747388464221.jpg\" \/>\n\t<meta property=\"og:image:width\" content=\"2560\" \/>\n\t<meta property=\"og:image:height\" content=\"1033\" \/>\n\t<meta property=\"og:image:type\" content=\"image\/jpeg\" \/>\n<meta name=\"twitter:card\" content=\"summary_large_image\" \/>\n<meta name=\"twitter:site\" content=\"@i_engagement\" \/>\n<meta name=\"twitter:label1\" content=\"Estimated reading time\" \/>\n\t<meta name=\"twitter:data1\" content=\"2 minutes\" \/>\n<script type=\"application\/ld+json\" class=\"yoast-schema-graph\">{\"@context\":\"https:\\\/\\\/schema.org\",\"@graph\":[{\"@type\":\"WebPage\",\"@id\":\"https:\\\/\\\/www.engagement.fr\\\/brevets-brevet-landing-page\\\/\",\"url\":\"https:\\\/\\\/www.engagement.fr\\\/brevets-brevet-landing-page\\\/\",\"name\":\"Brevets - Brevet (landing page) - Institut de l&#039;Engagement\",\"isPartOf\":{\"@id\":\"https:\\\/\\\/www.engagement.fr\\\/#website\"},\"primaryImageOfPage\":{\"@id\":\"https:\\\/\\\/www.engagement.fr\\\/brevets-brevet-landing-page\\\/#primaryimage\"},\"image\":{\"@id\":\"https:\\\/\\\/www.engagement.fr\\\/brevets-brevet-landing-page\\\/#primaryimage\"},\"thumbnailUrl\":\"https:\\\/\\\/www.engagement.fr\\\/wp-content\\\/uploads\\\/2025\\\/05\\\/3E2A4272-2-1-scaled-e1747388464221.jpg\",\"datePublished\":\"2025-05-27T09:45:59+00:00\",\"dateModified\":\"2025-06-16T14:29:24+00:00\",\"breadcrumb\":{\"@id\":\"https:\\\/\\\/www.engagement.fr\\\/brevets-brevet-landing-page\\\/#breadcrumb\"},\"inLanguage\":\"en-GB\",\"potentialAction\":[{\"@type\":\"ReadAction\",\"target\":[\"https:\\\/\\\/www.engagement.fr\\\/brevets-brevet-landing-page\\\/\"]}]},{\"@type\":\"ImageObject\",\"inLanguage\":\"en-GB\",\"@id\":\"https:\\\/\\\/www.engagement.fr\\\/brevets-brevet-landing-page\\\/#primaryimage\",\"url\":\"https:\\\/\\\/www.engagement.fr\\\/wp-content\\\/uploads\\\/2025\\\/05\\\/3E2A4272-2-1-scaled-e1747388464221.jpg\",\"contentUrl\":\"https:\\\/\\\/www.engagement.fr\\\/wp-content\\\/uploads\\\/2025\\\/05\\\/3E2A4272-2-1-scaled-e1747388464221.jpg\"},{\"@type\":\"BreadcrumbList\",\"@id\":\"https:\\\/\\\/www.engagement.fr\\\/brevets-brevet-landing-page\\\/#breadcrumb\",\"itemListElement\":[{\"@type\":\"ListItem\",\"position\":1,\"name\":\"Accueil\",\"item\":\"https:\\\/\\\/www.engagement.fr\\\/\"},{\"@type\":\"ListItem\",\"position\":2,\"name\":\"Brevets &#8211; Brevet (landing page)\"}]},{\"@type\":\"WebSite\",\"@id\":\"https:\\\/\\\/www.engagement.fr\\\/#website\",\"url\":\"https:\\\/\\\/www.engagement.fr\\\/\",\"name\":\"Institut de l'Engagement\",\"description\":\"\",\"publisher\":{\"@id\":\"https:\\\/\\\/www.engagement.fr\\\/#organization\"},\"potentialAction\":[{\"@type\":\"SearchAction\",\"target\":{\"@type\":\"EntryPoint\",\"urlTemplate\":\"https:\\\/\\\/www.engagement.fr\\\/?s={search_term_string}\"},\"query-input\":{\"@type\":\"PropertyValueSpecification\",\"valueRequired\":true,\"valueName\":\"search_term_string\"}}],\"inLanguage\":\"en-GB\"},{\"@type\":\"Organization\",\"@id\":\"https:\\\/\\\/www.engagement.fr\\\/#organization\",\"name\":\"Institut de l'Engagement\",\"url\":\"https:\\\/\\\/www.engagement.fr\\\/\",\"logo\":{\"@type\":\"ImageObject\",\"inLanguage\":\"en-GB\",\"@id\":\"https:\\\/\\\/www.engagement.fr\\\/#\\\/schema\\\/logo\\\/image\\\/\",\"url\":\"https:\\\/\\\/www.engagement.fr\\\/wp-content\\\/uploads\\\/2024\\\/06\\\/Institut-de-lEngagement-Principal-Horizontal.png\",\"contentUrl\":\"https:\\\/\\\/www.engagement.fr\\\/wp-content\\\/uploads\\\/2024\\\/06\\\/Institut-de-lEngagement-Principal-Horizontal.png\",\"width\":3066,\"height\":646,\"caption\":\"Institut de l'Engagement\"},\"image\":{\"@id\":\"https:\\\/\\\/www.engagement.fr\\\/#\\\/schema\\\/logo\\\/image\\\/\"},\"sameAs\":[\"https:\\\/\\\/www.facebook.com\\\/Institut.Engagement\",\"https:\\\/\\\/x.com\\\/i_engagement\"]}]}<\/script>\n<!-- \/ Yoast SEO plugin. -->","yoast_head_json":{"title":"Brevets - Brevet (landing page) - Institut de l&#039;Engagement","robots":{"index":"index","follow":"follow","max-snippet":"max-snippet:-1","max-image-preview":"max-image-preview:large","max-video-preview":"max-video-preview:-1"},"canonical":"https:\/\/www.engagement.fr\/en\/brevets-brevet-landing-page\/","og_locale":"en_GB","og_type":"article","og_title":"Brevets - Brevet (landing page) - Institut de l&#039;Engagement","og_description":"LES PREMIERS SECOURS DE LA PLAN\u00c8TE Se former pour s\u2019engager Conscient(e) des enjeux de la transition \u00e9cologique, je souhaite approfondir mes connaissances pour mieux comprendre ces d\u00e9fis en 2h30. Le [&hellip;]","og_url":"https:\/\/www.engagement.fr\/en\/brevets-brevet-landing-page\/","og_site_name":"Institut de l&#039;Engagement","article_publisher":"https:\/\/www.facebook.com\/Institut.Engagement","article_modified_time":"2025-06-16T14:29:24+00:00","og_image":[{"width":2560,"height":1033,"url":"https:\/\/www.engagement.fr\/wp-content\/uploads\/2025\/05\/3E2A4272-2-1-scaled-e1747388464221.jpg","type":"image\/jpeg"}],"twitter_card":"summary_large_image","twitter_site":"@i_engagement","twitter_misc":{"Estimated reading time":"2 minutes"},"schema":{"@context":"https:\/\/schema.org","@graph":[{"@type":"WebPage","@id":"https:\/\/www.engagement.fr\/brevets-brevet-landing-page\/","url":"https:\/\/www.engagement.fr\/brevets-brevet-landing-page\/","name":"Brevets - Brevet (landing page) - Institut de l&#039;Engagement","isPartOf":{"@id":"https:\/\/www.engagement.fr\/#website"},"primaryImageOfPage":{"@id":"https:\/\/www.engagement.fr\/brevets-brevet-landing-page\/#primaryimage"},"image":{"@id":"https:\/\/www.engagement.fr\/brevets-brevet-landing-page\/#primaryimage"},"thumbnailUrl":"https:\/\/www.engagement.fr\/wp-content\/uploads\/2025\/05\/3E2A4272-2-1-scaled-e1747388464221.jpg","datePublished":"2025-05-27T09:45:59+00:00","dateModified":"2025-06-16T14:29:24+00:00","breadcrumb":{"@id":"https:\/\/www.engagement.fr\/brevets-brevet-landing-page\/#breadcrumb"},"inLanguage":"en-GB","potentialAction":[{"@type":"ReadAction","target":["https:\/\/www.engagement.fr\/brevets-brevet-landing-page\/"]}]},{"@type":"ImageObject","inLanguage":"en-GB","@id":"https:\/\/www.engagement.fr\/brevets-brevet-landing-page\/#primaryimage","url":"https:\/\/www.engagement.fr\/wp-content\/uploads\/2025\/05\/3E2A4272-2-1-scaled-e1747388464221.jpg","contentUrl":"https:\/\/www.engagement.fr\/wp-content\/uploads\/2025\/05\/3E2A4272-2-1-scaled-e1747388464221.jpg"},{"@type":"BreadcrumbList","@id":"https:\/\/www.engagement.fr\/brevets-brevet-landing-page\/#breadcrumb","itemListElement":[{"@type":"ListItem","position":1,"name":"Accueil","item":"https:\/\/www.engagement.fr\/"},{"@type":"ListItem","position":2,"name":"Brevets &#8211; Brevet (landing page)"}]},{"@type":"WebSite","@id":"https:\/\/www.engagement.fr\/#website","url":"https:\/\/www.engagement.fr\/","name":"Institute of Commitment","description":"","publisher":{"@id":"https:\/\/www.engagement.fr\/#organization"},"potentialAction":[{"@type":"SearchAction","target":{"@type":"EntryPoint","urlTemplate":"https:\/\/www.engagement.fr\/?s={search_term_string}"},"query-input":{"@type":"PropertyValueSpecification","valueRequired":true,"valueName":"search_term_string"}}],"inLanguage":"en-GB"},{"@type":"Organization","@id":"https:\/\/www.engagement.fr\/#organization","name":"Institute of Commitment","url":"https:\/\/www.engagement.fr\/","logo":{"@type":"ImageObject","inLanguage":"en-GB","@id":"https:\/\/www.engagement.fr\/#\/schema\/logo\/image\/","url":"https:\/\/www.engagement.fr\/wp-content\/uploads\/2024\/06\/Institut-de-lEngagement-Principal-Horizontal.png","contentUrl":"https:\/\/www.engagement.fr\/wp-content\/uploads\/2024\/06\/Institut-de-lEngagement-Principal-Horizontal.png","width":3066,"height":646,"caption":"Institut de l'Engagement"},"image":{"@id":"https:\/\/www.engagement.fr\/#\/schema\/logo\/image\/"},"sameAs":["https:\/\/www.facebook.com\/Institut.Engagement","https:\/\/x.com\/i_engagement"]}]}},"_links":{"self":[{"href":"https:\/\/www.engagement.fr\/en\/wp-json\/wp\/v2\/pages\/13461","targetHints":{"allow":["GET"]}}],"collection":[{"href":"https:\/\/www.engagement.fr\/en\/wp-json\/wp\/v2\/pages"}],"about":[{"href":"https:\/\/www.engagement.fr\/en\/wp-json\/wp\/v2\/types\/page"}],"author":[{"embeddable":true,"href":"https:\/\/www.engagement.fr\/en\/wp-json\/wp\/v2\/users\/4"}],"replies":[{"embeddable":true,"href":"https:\/\/www.engagement.fr\/en\/wp-json\/wp\/v2\/comments?post=13461"}],"version-history":[{"count":42,"href":"https:\/\/www.engagement.fr\/en\/wp-json\/wp\/v2\/pages\/13461\/revisions"}],"predecessor-version":[{"id":14018,"href":"https:\/\/www.engagement.fr\/en\/wp-json\/wp\/v2\/pages\/13461\/revisions\/14018"}],"wp:attachment":[{"href":"https:\/\/www.engagement.fr\/en\/wp-json\/wp\/v2\/media?parent=13461"}],"curies":[{"name":"wp","href":"https:\/\/api.w.org\/{rel}","templated":true}]}}