{"id":13431,"date":"2025-05-27T09:45:37","date_gmt":"2025-05-27T09:45:37","guid":{"rendered":"https:\/\/www.engagement.fr\/?page_id=13431"},"modified":"2025-06-05T09:27:32","modified_gmt":"2025-06-05T09:27:32","slug":"brevets-ipsp-landing-page","status":"publish","type":"page","link":"https:\/\/www.engagement.fr\/en\/brevets-ipsp-landing-page\/","title":{"rendered":"Brevets &#8211; IPSP (landing page)"},"content":{"rendered":"<div data-elementor-type=\"wp-page\" data-elementor-id=\"13431\" class=\"elementor elementor-13431\" data-elementor-post-type=\"page\">\n\t\t\t\t<div class=\"elementor-element elementor-element-8158354 e-flex e-con-boxed e-con e-parent\" data-id=\"8158354\" data-element_type=\"container\" data-e-type=\"container\" data-settings=\"{&quot;background_background&quot;:&quot;classic&quot;,&quot;shape_divider_top&quot;:&quot;arrow&quot;}\">\n\t\t\t\t\t<div class=\"e-con-inner\">\n\t\t\t\t<div class=\"elementor-shape elementor-shape-top\" aria-hidden=\"true\" data-negative=\"false\">\n\t\t\t<svg xmlns=\"http:\/\/www.w3.org\/2000\/svg\" viewbox=\"0 0 700 10\" preserveaspectratio=\"none\">\n\t<path class=\"elementor-shape-fill\" d=\"M350,10L340,0h20L350,10z\"\/>\n<\/svg>\t\t<\/div>\n\t\t<div class=\"elementor-element elementor-element-1af8354 e-flex e-con-boxed e-con e-child\" data-id=\"1af8354\" data-element_type=\"container\" data-e-type=\"container\" data-settings=\"{&quot;background_background&quot;:&quot;classic&quot;}\">\n\t\t\t\t\t<div class=\"e-con-inner\">\n\t\t\t\t<div class=\"elementor-element elementor-element-9b44451 elementor-widget elementor-widget-text-editor\" data-id=\"9b44451\" data-element_type=\"widget\" data-e-type=\"widget\" data-widget_type=\"text-editor.default\">\n\t\t\t\t<div class=\"elementor-widget-container\">\n\t\t\t\t\t\t\t\t\t<p><strong>Planet Earth's First Aid<\/strong><\/p><p><strong>Training to get involved<\/strong><\/p>\t\t\t\t\t\t\t\t<\/div>\n\t\t\t\t<\/div>\n\t\t\t\t<div class=\"elementor-element elementor-element-9e828b9 elementor-view-default elementor-widget elementor-widget-icon\" data-id=\"9e828b9\" data-element_type=\"widget\" data-e-type=\"widget\" data-widget_type=\"icon.default\">\n\t\t\t\t<div class=\"elementor-widget-container\">\n\t\t\t\t\t\t\t<div class=\"elementor-icon-wrapper\">\n\t\t\t<div class=\"elementor-icon\">\n\t\t\t<i aria-hidden=\"true\" class=\"xlwpf wppb-font-planet\"><\/i>\t\t\t<\/div>\n\t\t<\/div>\n\t\t\t\t\t\t<\/div>\n\t\t\t\t<\/div>\n\t\t\t\t<div class=\"elementor-element elementor-element-ffdbee0 elementor-align-center elementor-widget elementor-widget-button\" data-id=\"ffdbee0\" data-element_type=\"widget\" data-e-type=\"widget\" data-widget_type=\"button.default\">\n\t\t\t\t<div class=\"elementor-widget-container\">\n\t\t\t\t\t\t\t\t\t<div class=\"elementor-button-wrapper\">\n\t\t\t\t\t<a class=\"elementor-button elementor-button-link elementor-size-md\" href=\"https:\/\/engagement.didask.com\/courses\/ipsp-parcours-15-25-ans-avec-inscriptionsans-commentaires\">\n\t\t\t\t\t\t<span class=\"elementor-button-content-wrapper\">\n\t\t\t\t\t\t\t\t\t<span class=\"elementor-button-text\">Je m'inscris \u00e0 l'initiation<\/span>\n\t\t\t\t\t<\/span>\n\t\t\t\t\t<\/a>\n\t\t\t\t<\/div>\n\t\t\t\t\t\t\t\t<\/div>\n\t\t\t\t<\/div>\n\t\t\t\t<div class=\"elementor-element elementor-element-2a214c3 elementor-widget elementor-widget-text-editor\" data-id=\"2a214c3\" data-element_type=\"widget\" data-e-type=\"widget\" data-widget_type=\"text-editor.default\">\n\t\t\t\t<div class=\"elementor-widget-container\">\n\t\t\t\t\t\t\t\t\t<p><span style=\"font-size: 25.2305px; font-weight: bold; white-space-collapse: preserve;\">L&rsquo;initiation aux Premiers secours de la plan\u00e8te en 40 minutes : un tremplin dans le parcours d&rsquo;engagement de chacun(e) ! Con\u00e7u par l&rsquo;Institut de l&rsquo;Engagement et le CNRS, notre parcours te propose d&rsquo;acqu\u00e9rir les connaissances essentielles sur le climat, la biodiversit\u00e9 et la fa\u00e7on d&rsquo;agit \u00e0 ton \u00e9chelle.<\/span><\/p>\t\t\t\t\t\t\t\t<\/div>\n\t\t\t\t<\/div>\n\t\t\t\t<div class=\"elementor-element elementor-element-e52f210 elementor-widget elementor-widget-image\" data-id=\"e52f210\" data-element_type=\"widget\" data-e-type=\"widget\" data-widget_type=\"image.default\">\n\t\t\t\t<div class=\"elementor-widget-container\">\n\t\t\t\t\t\t\t\t\t\t\t\t\t\t\t<img fetchpriority=\"high\" decoding=\"async\" width=\"2560\" height=\"1033\" src=\"https:\/\/www.engagement.fr\/wp-content\/uploads\/2025\/05\/3E2A4272-2-1-scaled-e1747388464221.jpg\" class=\"attachment-full size-full wp-image-13356\" alt=\"\" srcset=\"https:\/\/www.engagement.fr\/wp-content\/uploads\/2025\/05\/3E2A4272-2-1-scaled-e1747388464221.jpg 2560w, https:\/\/www.engagement.fr\/wp-content\/uploads\/2025\/05\/3E2A4272-2-1-scaled-e1747388464221-300x121.jpg 300w, https:\/\/www.engagement.fr\/wp-content\/uploads\/2025\/05\/3E2A4272-2-1-scaled-e1747388464221-1024x413.jpg 1024w, https:\/\/www.engagement.fr\/wp-content\/uploads\/2025\/05\/3E2A4272-2-1-scaled-e1747388464221-768x310.jpg 768w, https:\/\/www.engagement.fr\/wp-content\/uploads\/2025\/05\/3E2A4272-2-1-scaled-e1747388464221-1536x620.jpg 1536w, https:\/\/www.engagement.fr\/wp-content\/uploads\/2025\/05\/3E2A4272-2-1-scaled-e1747388464221-2048x826.jpg 2048w, https:\/\/www.engagement.fr\/wp-content\/uploads\/2025\/05\/3E2A4272-2-1-scaled-e1747388464221-18x7.jpg 18w\" sizes=\"(max-width: 2560px) 100vw, 2560px\" \/>\t\t\t\t\t\t\t\t\t\t\t\t\t\t\t<\/div>\n\t\t\t\t<\/div>\n\t\t\t\t<div class=\"elementor-element elementor-element-6e07b8d elementor-widget elementor-widget-text-editor\" data-id=\"6e07b8d\" data-element_type=\"widget\" data-e-type=\"widget\" data-widget_type=\"text-editor.default\">\n\t\t\t\t<div class=\"elementor-widget-container\">\n\t\t\t\t\t\t\t\t\t<p><span style=\"font-size: 25.2305px; font-weight: bold; white-space-collapse: preserve;\">Tu es pr\u00e9occup\u00e9(e) par l\u2019environnement mais ne sais pas comment passer \u00e0 l\u2019action ? Tu penses que tu n\u2019es pas concern\u00e9(e) ? Ou tu te dis que ce n\u2019est pas \u00e0 toi d\u2019agir ? Viens suivre le parcours de nos 3 protagonistes et d\u00e9couvre comment, ensemble, nous pouvons faire la diff\u00e9rence.<\/span><\/p>\t\t\t\t\t\t\t\t<\/div>\n\t\t\t\t<\/div>\n\t\t\t\t<div class=\"elementor-element elementor-element-efaf3c6 elementor-widget-divider--view-line elementor-widget elementor-widget-divider\" data-id=\"efaf3c6\" data-element_type=\"widget\" data-e-type=\"widget\" data-widget_type=\"divider.default\">\n\t\t\t\t<div class=\"elementor-widget-container\">\n\t\t\t\t\t\t\t<div class=\"elementor-divider\">\n\t\t\t<span class=\"elementor-divider-separator\">\n\t\t\t\t\t\t<\/span>\n\t\t<\/div>\n\t\t\t\t\t\t<\/div>\n\t\t\t\t<\/div>\n\t\t\t\t<div class=\"elementor-element elementor-element-7df41d4 elementor-view-default elementor-widget elementor-widget-icon\" data-id=\"7df41d4\" data-element_type=\"widget\" data-e-type=\"widget\" data-widget_type=\"icon.default\">\n\t\t\t\t<div class=\"elementor-widget-container\">\n\t\t\t\t\t\t\t<div class=\"elementor-icon-wrapper\">\n\t\t\t<div class=\"elementor-icon\">\n\t\t\t<svg aria-hidden=\"true\" class=\"e-font-icon-svg e-fas-medal\" viewbox=\"0 0 512 512\" xmlns=\"http:\/\/www.w3.org\/2000\/svg\"><path d=\"M223.75 130.75L154.62 15.54A31.997 31.997 0 0 0 127.18 0H16.03C3.08 0-4.5 14.57 2.92 25.18l111.27 158.96c29.72-27.77 67.52-46.83 109.56-53.39zM495.97 0H384.82c-11.24 0-21.66 5.9-27.44 15.54l-69.13 115.21c42.04 6.56 79.84 25.62 109.56 53.38L509.08 25.18C516.5 14.57 508.92 0 495.97 0zM256 160c-97.2 0-176 78.8-176 176s78.8 176 176 176 176-78.8 176-176-78.8-176-176-176zm92.52 157.26l-37.93 36.96 8.97 52.22c1.6 9.36-8.26 16.51-16.65 12.09L256 393.88l-46.9 24.65c-8.4 4.45-18.25-2.74-16.65-12.09l8.97-52.22-37.93-36.96c-6.82-6.64-3.05-18.23 6.35-19.59l52.43-7.64 23.43-47.52c2.11-4.28 6.19-6.39 10.28-6.39 4.11 0 8.22 2.14 10.33 6.39l23.43 47.52 52.43 7.64c9.4 1.36 13.17 12.95 6.35 19.59z\"><\/path><\/svg>\t\t\t<\/div>\n\t\t<\/div>\n\t\t\t\t\t\t<\/div>\n\t\t\t\t<\/div>\n\t\t\t\t<div class=\"elementor-element elementor-element-a2987c9 elementor-widget elementor-widget-text-editor\" data-id=\"a2987c9\" data-element_type=\"widget\" data-e-type=\"widget\" data-widget_type=\"text-editor.default\">\n\t\t\t\t<div class=\"elementor-widget-container\">\n\t\t\t\t\t\t\t\t\t<p><strong>Un parcours court (40 minutes) et interactif, avec un contenu co-produit avec des chercheurs du CNRS.<\/strong><\/p>\t\t\t\t\t\t\t\t<\/div>\n\t\t\t\t<\/div>\n\t\t\t\t<div class=\"elementor-element elementor-element-dd5acea elementor-widget-divider--view-line elementor-widget elementor-widget-divider\" data-id=\"dd5acea\" data-element_type=\"widget\" data-e-type=\"widget\" data-widget_type=\"divider.default\">\n\t\t\t\t<div class=\"elementor-widget-container\">\n\t\t\t\t\t\t\t<div class=\"elementor-divider\">\n\t\t\t<span class=\"elementor-divider-separator\">\n\t\t\t\t\t\t<\/span>\n\t\t<\/div>\n\t\t\t\t\t\t<\/div>\n\t\t\t\t<\/div>\n\t\t\t\t<div class=\"elementor-element elementor-element-141c733 elementor-view-default elementor-widget elementor-widget-icon\" data-id=\"141c733\" data-element_type=\"widget\" data-e-type=\"widget\" data-widget_type=\"icon.default\">\n\t\t\t\t<div class=\"elementor-widget-container\">\n\t\t\t\t\t\t\t<div class=\"elementor-icon-wrapper\">\n\t\t\t<div class=\"elementor-icon\">\n\t\t\t<i aria-hidden=\"true\" class=\"material-icons md-computer\"><\/i>\t\t\t<\/div>\n\t\t<\/div>\n\t\t\t\t\t\t<\/div>\n\t\t\t\t<\/div>\n\t\t\t\t<div class=\"elementor-element elementor-element-07cf19a elementor-widget elementor-widget-text-editor\" data-id=\"07cf19a\" data-element_type=\"widget\" data-e-type=\"widget\" data-widget_type=\"text-editor.default\">\n\t\t\t\t<div class=\"elementor-widget-container\">\n\t\t\t\t\t\t\t\t\t<p><strong>Un parcours accessible gratuitement et r\u00e9alisable en toute autonomie gr\u00e2ce \u00e0 un format enti\u00e8rement en ligne<\/strong><\/p><p><strong>(\u00e0 passer seul(e) ou en groupe !)<\/strong><strong>.<\/strong><\/p>\t\t\t\t\t\t\t\t<\/div>\n\t\t\t\t<\/div>\n\t\t\t\t<div class=\"elementor-element elementor-element-f84c450 elementor-widget-divider--view-line elementor-widget elementor-widget-divider\" data-id=\"f84c450\" data-element_type=\"widget\" data-e-type=\"widget\" data-widget_type=\"divider.default\">\n\t\t\t\t<div class=\"elementor-widget-container\">\n\t\t\t\t\t\t\t<div class=\"elementor-divider\">\n\t\t\t<span class=\"elementor-divider-separator\">\n\t\t\t\t\t\t<\/span>\n\t\t<\/div>\n\t\t\t\t\t\t<\/div>\n\t\t\t\t<\/div>\n\t\t\t\t<div class=\"elementor-element elementor-element-4444d8b elementor-view-default elementor-widget elementor-widget-icon\" data-id=\"4444d8b\" data-element_type=\"widget\" data-e-type=\"widget\" data-widget_type=\"icon.default\">\n\t\t\t\t<div class=\"elementor-widget-container\">\n\t\t\t\t\t\t\t<div class=\"elementor-icon-wrapper\">\n\t\t\t<div class=\"elementor-icon\">\n\t\t\t<i aria-hidden=\"true\" class=\"uic fi-rr-e-learning\"><\/i>\t\t\t<\/div>\n\t\t<\/div>\n\t\t\t\t\t\t<\/div>\n\t\t\t\t<\/div>\n\t\t\t\t<div class=\"elementor-element elementor-element-fb4398e elementor-widget elementor-widget-text-editor\" data-id=\"fb4398e\" data-element_type=\"widget\" data-e-type=\"widget\" data-widget_type=\"text-editor.default\">\n\t\t\t\t<div class=\"elementor-widget-container\">\n\t\t\t\t\t\t\t\t\t<p><strong>Une histoire tir\u00e9e de situations de la vie quotidienne, avec des ressources concr\u00e8tes pour te prouver qu\u2019\u00e0 notre \u00e9chelle, nos engagements ont un r\u00e9el impact !<\/strong><\/p>\t\t\t\t\t\t\t\t<\/div>\n\t\t\t\t<\/div>\n\t\t\t\t\t<\/div>\n\t\t\t\t<\/div>\n\t\t\t\t\t<\/div>\n\t\t\t\t<\/div>\n\t\t\t\t<\/div>","protected":false},"excerpt":{"rendered":"<p>LES PREMIERS SECOURS DE LA PLAN\u00c8TE Se former pour s\u2019engager Je m&rsquo;inscris \u00e0 l&rsquo;initiation L&rsquo;initiation aux Premiers secours de la plan\u00e8te en 40 minutes : un tremplin dans le parcours [&hellip;]<\/p>\n","protected":false},"author":4,"featured_media":0,"parent":0,"menu_order":0,"comment_status":"closed","ping_status":"closed","template":"elementor_header_footer","meta":{"footnotes":""},"class_list":["post-13431","page","type-page","status-publish","hentry"],"yoast_head":"<!-- This site is optimized with the Yoast SEO plugin v27.5 - https:\/\/yoast.com\/product\/yoast-seo-wordpress\/ -->\n<title>Brevets - IPSP (landing page) - Institut de l&#039;Engagement<\/title>\n<meta name=\"robots\" content=\"index, follow, max-snippet:-1, max-image-preview:large, max-video-preview:-1\" \/>\n<link rel=\"canonical\" href=\"https:\/\/www.engagement.fr\/en\/brevets-ipsp-landing-page\/\" \/>\n<meta property=\"og:locale\" content=\"en_GB\" \/>\n<meta property=\"og:type\" content=\"article\" \/>\n<meta property=\"og:title\" content=\"Brevets - IPSP (landing page) - Institut de l&#039;Engagement\" \/>\n<meta property=\"og:description\" content=\"LES PREMIERS SECOURS DE LA PLAN\u00c8TE Se former pour s\u2019engager Je m&rsquo;inscris \u00e0 l&rsquo;initiation L&rsquo;initiation aux Premiers secours de la plan\u00e8te en 40 minutes : un tremplin dans le parcours [&hellip;]\" \/>\n<meta property=\"og:url\" content=\"https:\/\/www.engagement.fr\/en\/brevets-ipsp-landing-page\/\" \/>\n<meta property=\"og:site_name\" content=\"Institut de l&#039;Engagement\" \/>\n<meta property=\"article:publisher\" content=\"https:\/\/www.facebook.com\/Institut.Engagement\" \/>\n<meta property=\"article:modified_time\" content=\"2025-06-05T09:27:32+00:00\" \/>\n<meta property=\"og:image\" content=\"https:\/\/www.engagement.fr\/wp-content\/uploads\/2025\/05\/3E2A4272-2-1-scaled-e1747388464221.jpg\" \/>\n\t<meta property=\"og:image:width\" content=\"2560\" \/>\n\t<meta property=\"og:image:height\" content=\"1033\" \/>\n\t<meta property=\"og:image:type\" content=\"image\/jpeg\" \/>\n<meta name=\"twitter:card\" content=\"summary_large_image\" \/>\n<meta name=\"twitter:site\" content=\"@i_engagement\" \/>\n<meta name=\"twitter:label1\" content=\"Estimated reading time\" \/>\n\t<meta name=\"twitter:data1\" content=\"2 minutes\" \/>\n<script type=\"application\/ld+json\" class=\"yoast-schema-graph\">{\"@context\":\"https:\\\/\\\/schema.org\",\"@graph\":[{\"@type\":\"WebPage\",\"@id\":\"https:\\\/\\\/www.engagement.fr\\\/brevets-ipsp-landing-page\\\/\",\"url\":\"https:\\\/\\\/www.engagement.fr\\\/brevets-ipsp-landing-page\\\/\",\"name\":\"Brevets - IPSP (landing page) - Institut de l&#039;Engagement\",\"isPartOf\":{\"@id\":\"https:\\\/\\\/www.engagement.fr\\\/#website\"},\"primaryImageOfPage\":{\"@id\":\"https:\\\/\\\/www.engagement.fr\\\/brevets-ipsp-landing-page\\\/#primaryimage\"},\"image\":{\"@id\":\"https:\\\/\\\/www.engagement.fr\\\/brevets-ipsp-landing-page\\\/#primaryimage\"},\"thumbnailUrl\":\"https:\\\/\\\/www.engagement.fr\\\/wp-content\\\/uploads\\\/2025\\\/05\\\/3E2A4272-2-1-scaled-e1747388464221.jpg\",\"datePublished\":\"2025-05-27T09:45:37+00:00\",\"dateModified\":\"2025-06-05T09:27:32+00:00\",\"breadcrumb\":{\"@id\":\"https:\\\/\\\/www.engagement.fr\\\/brevets-ipsp-landing-page\\\/#breadcrumb\"},\"inLanguage\":\"en-GB\",\"potentialAction\":[{\"@type\":\"ReadAction\",\"target\":[\"https:\\\/\\\/www.engagement.fr\\\/brevets-ipsp-landing-page\\\/\"]}]},{\"@type\":\"ImageObject\",\"inLanguage\":\"en-GB\",\"@id\":\"https:\\\/\\\/www.engagement.fr\\\/brevets-ipsp-landing-page\\\/#primaryimage\",\"url\":\"https:\\\/\\\/www.engagement.fr\\\/wp-content\\\/uploads\\\/2025\\\/05\\\/3E2A4272-2-1-scaled-e1747388464221.jpg\",\"contentUrl\":\"https:\\\/\\\/www.engagement.fr\\\/wp-content\\\/uploads\\\/2025\\\/05\\\/3E2A4272-2-1-scaled-e1747388464221.jpg\"},{\"@type\":\"BreadcrumbList\",\"@id\":\"https:\\\/\\\/www.engagement.fr\\\/brevets-ipsp-landing-page\\\/#breadcrumb\",\"itemListElement\":[{\"@type\":\"ListItem\",\"position\":1,\"name\":\"Accueil\",\"item\":\"https:\\\/\\\/www.engagement.fr\\\/\"},{\"@type\":\"ListItem\",\"position\":2,\"name\":\"Brevets &#8211; IPSP (landing page)\"}]},{\"@type\":\"WebSite\",\"@id\":\"https:\\\/\\\/www.engagement.fr\\\/#website\",\"url\":\"https:\\\/\\\/www.engagement.fr\\\/\",\"name\":\"Institut de l'Engagement\",\"description\":\"\",\"publisher\":{\"@id\":\"https:\\\/\\\/www.engagement.fr\\\/#organization\"},\"potentialAction\":[{\"@type\":\"SearchAction\",\"target\":{\"@type\":\"EntryPoint\",\"urlTemplate\":\"https:\\\/\\\/www.engagement.fr\\\/?s={search_term_string}\"},\"query-input\":{\"@type\":\"PropertyValueSpecification\",\"valueRequired\":true,\"valueName\":\"search_term_string\"}}],\"inLanguage\":\"en-GB\"},{\"@type\":\"Organization\",\"@id\":\"https:\\\/\\\/www.engagement.fr\\\/#organization\",\"name\":\"Institut de l'Engagement\",\"url\":\"https:\\\/\\\/www.engagement.fr\\\/\",\"logo\":{\"@type\":\"ImageObject\",\"inLanguage\":\"en-GB\",\"@id\":\"https:\\\/\\\/www.engagement.fr\\\/#\\\/schema\\\/logo\\\/image\\\/\",\"url\":\"https:\\\/\\\/www.engagement.fr\\\/wp-content\\\/uploads\\\/2024\\\/06\\\/Institut-de-lEngagement-Principal-Horizontal.png\",\"contentUrl\":\"https:\\\/\\\/www.engagement.fr\\\/wp-content\\\/uploads\\\/2024\\\/06\\\/Institut-de-lEngagement-Principal-Horizontal.png\",\"width\":3066,\"height\":646,\"caption\":\"Institut de l'Engagement\"},\"image\":{\"@id\":\"https:\\\/\\\/www.engagement.fr\\\/#\\\/schema\\\/logo\\\/image\\\/\"},\"sameAs\":[\"https:\\\/\\\/www.facebook.com\\\/Institut.Engagement\",\"https:\\\/\\\/x.com\\\/i_engagement\"]}]}<\/script>\n<!-- \/ Yoast SEO plugin. -->","yoast_head_json":{"title":"Brevets - IPSP (landing page) - Institut de l&#039;Engagement","robots":{"index":"index","follow":"follow","max-snippet":"max-snippet:-1","max-image-preview":"max-image-preview:large","max-video-preview":"max-video-preview:-1"},"canonical":"https:\/\/www.engagement.fr\/en\/brevets-ipsp-landing-page\/","og_locale":"en_GB","og_type":"article","og_title":"Brevets - IPSP (landing page) - Institut de l&#039;Engagement","og_description":"LES PREMIERS SECOURS DE LA PLAN\u00c8TE Se former pour s\u2019engager Je m&rsquo;inscris \u00e0 l&rsquo;initiation L&rsquo;initiation aux Premiers secours de la plan\u00e8te en 40 minutes : un tremplin dans le parcours [&hellip;]","og_url":"https:\/\/www.engagement.fr\/en\/brevets-ipsp-landing-page\/","og_site_name":"Institut de l&#039;Engagement","article_publisher":"https:\/\/www.facebook.com\/Institut.Engagement","article_modified_time":"2025-06-05T09:27:32+00:00","og_image":[{"width":2560,"height":1033,"url":"https:\/\/www.engagement.fr\/wp-content\/uploads\/2025\/05\/3E2A4272-2-1-scaled-e1747388464221.jpg","type":"image\/jpeg"}],"twitter_card":"summary_large_image","twitter_site":"@i_engagement","twitter_misc":{"Estimated reading time":"2 minutes"},"schema":{"@context":"https:\/\/schema.org","@graph":[{"@type":"WebPage","@id":"https:\/\/www.engagement.fr\/brevets-ipsp-landing-page\/","url":"https:\/\/www.engagement.fr\/brevets-ipsp-landing-page\/","name":"Brevets - IPSP (landing page) - Institut de l&#039;Engagement","isPartOf":{"@id":"https:\/\/www.engagement.fr\/#website"},"primaryImageOfPage":{"@id":"https:\/\/www.engagement.fr\/brevets-ipsp-landing-page\/#primaryimage"},"image":{"@id":"https:\/\/www.engagement.fr\/brevets-ipsp-landing-page\/#primaryimage"},"thumbnailUrl":"https:\/\/www.engagement.fr\/wp-content\/uploads\/2025\/05\/3E2A4272-2-1-scaled-e1747388464221.jpg","datePublished":"2025-05-27T09:45:37+00:00","dateModified":"2025-06-05T09:27:32+00:00","breadcrumb":{"@id":"https:\/\/www.engagement.fr\/brevets-ipsp-landing-page\/#breadcrumb"},"inLanguage":"en-GB","potentialAction":[{"@type":"ReadAction","target":["https:\/\/www.engagement.fr\/brevets-ipsp-landing-page\/"]}]},{"@type":"ImageObject","inLanguage":"en-GB","@id":"https:\/\/www.engagement.fr\/brevets-ipsp-landing-page\/#primaryimage","url":"https:\/\/www.engagement.fr\/wp-content\/uploads\/2025\/05\/3E2A4272-2-1-scaled-e1747388464221.jpg","contentUrl":"https:\/\/www.engagement.fr\/wp-content\/uploads\/2025\/05\/3E2A4272-2-1-scaled-e1747388464221.jpg"},{"@type":"BreadcrumbList","@id":"https:\/\/www.engagement.fr\/brevets-ipsp-landing-page\/#breadcrumb","itemListElement":[{"@type":"ListItem","position":1,"name":"Accueil","item":"https:\/\/www.engagement.fr\/"},{"@type":"ListItem","position":2,"name":"Brevets &#8211; IPSP (landing page)"}]},{"@type":"WebSite","@id":"https:\/\/www.engagement.fr\/#website","url":"https:\/\/www.engagement.fr\/","name":"Institute of Commitment","description":"","publisher":{"@id":"https:\/\/www.engagement.fr\/#organization"},"potentialAction":[{"@type":"SearchAction","target":{"@type":"EntryPoint","urlTemplate":"https:\/\/www.engagement.fr\/?s={search_term_string}"},"query-input":{"@type":"PropertyValueSpecification","valueRequired":true,"valueName":"search_term_string"}}],"inLanguage":"en-GB"},{"@type":"Organization","@id":"https:\/\/www.engagement.fr\/#organization","name":"Institute of Commitment","url":"https:\/\/www.engagement.fr\/","logo":{"@type":"ImageObject","inLanguage":"en-GB","@id":"https:\/\/www.engagement.fr\/#\/schema\/logo\/image\/","url":"https:\/\/www.engagement.fr\/wp-content\/uploads\/2024\/06\/Institut-de-lEngagement-Principal-Horizontal.png","contentUrl":"https:\/\/www.engagement.fr\/wp-content\/uploads\/2024\/06\/Institut-de-lEngagement-Principal-Horizontal.png","width":3066,"height":646,"caption":"Institut de l'Engagement"},"image":{"@id":"https:\/\/www.engagement.fr\/#\/schema\/logo\/image\/"},"sameAs":["https:\/\/www.facebook.com\/Institut.Engagement","https:\/\/x.com\/i_engagement"]}]}},"_links":{"self":[{"href":"https:\/\/www.engagement.fr\/en\/wp-json\/wp\/v2\/pages\/13431","targetHints":{"allow":["GET"]}}],"collection":[{"href":"https:\/\/www.engagement.fr\/en\/wp-json\/wp\/v2\/pages"}],"about":[{"href":"https:\/\/www.engagement.fr\/en\/wp-json\/wp\/v2\/types\/page"}],"author":[{"embeddable":true,"href":"https:\/\/www.engagement.fr\/en\/wp-json\/wp\/v2\/users\/4"}],"replies":[{"embeddable":true,"href":"https:\/\/www.engagement.fr\/en\/wp-json\/wp\/v2\/comments?post=13431"}],"version-history":[{"count":48,"href":"https:\/\/www.engagement.fr\/en\/wp-json\/wp\/v2\/pages\/13431\/revisions"}],"predecessor-version":[{"id":13547,"href":"https:\/\/www.engagement.fr\/en\/wp-json\/wp\/v2\/pages\/13431\/revisions\/13547"}],"wp:attachment":[{"href":"https:\/\/www.engagement.fr\/en\/wp-json\/wp\/v2\/media?parent=13431"}],"curies":[{"name":"wp","href":"https:\/\/api.w.org\/{rel}","templated":true}]}}